{"id":3702,"date":"2014-01-21T08:38:52","date_gmt":"2014-01-21T07:38:52","guid":{"rendered":"https:\/\/newurl.com\/product\/didier-ruef-enfants-prisonniers-2\/"},"modified":"2014-10-18T01:01:21","modified_gmt":"2014-10-17T23:01:21","slug":"didier-ruef-enfants-prisonniers","status":"publish","type":"product","link":"https:\/\/www.luganophotodays.ch\/en\/product\/didier-ruef-enfants-prisonniers\/","title":{"rendered":"Didier Ruef &#8211; Enfants prisonniers"},"content":{"rendered":"<p>The book Enfants prisonniers was published for the 15th anniversary of the non-governmental organization (NGO) Fondation DiD\u00e9 &#8211; Dignit\u00e9 en d\u00e9tention. The Fondation DiD\u00e9 runs the Encademi (Encadrement des mineurs) program in the central jail of Gitarama, Rwanda. The Encademi program takes care of minors in detention pending trial and after trial, when sentenced to prison.<\/p>\n<h2>Text<\/h2>\n<p>Th\u00e9r\u00e8se Obrecht<\/p>\n<h2>Publisher<\/h2>\n<p>DiD\u00e9, Switzerland, published in 2007<\/p>\n","protected":false},"excerpt":{"rendered":"<p>The book Enfants prisonniers was published for the 15th anniversary of the non-governmental organization (NGO)<span class=\"excerpt-hellip\"> [\u2026]<\/span><\/p>\n","protected":false},"featured_media":3687,"comment_status":"open","ping_status":"closed","template":"","meta":{"give_campaign_id":0},"product_brand":[],"product_cat":[84],"product_tag":[533],"class_list":{"0":"post-3702","1":"product","2":"type-product","3":"status-publish","4":"has-post-thumbnail","6":"product_cat-cat-books","7":"product_tag-rwanda-en","8":"product_shipping_class-shipping-magazine","9":"pa_cover-type-soft-cover-en","10":"pa_pages-52-en","12":"first","13":"instock","14":"shipping-taxable","15":"purchasable","16":"product-type-simple"},"amp_enabled":true,"_links":{"self":[{"href":"https:\/\/www.luganophotodays.ch\/en\/wp-json\/wp\/v2\/product\/3702","targetHints":{"allow":["GET"]}}],"collection":[{"href":"https:\/\/www.luganophotodays.ch\/en\/wp-json\/wp\/v2\/product"}],"about":[{"href":"https:\/\/www.luganophotodays.ch\/en\/wp-json\/wp\/v2\/types\/product"}],"replies":[{"embeddable":true,"href":"https:\/\/www.luganophotodays.ch\/en\/wp-json\/wp\/v2\/comments?post=3702"}],"wp:featuredmedia":[{"embeddable":true,"href":"https:\/\/www.luganophotodays.ch\/en\/wp-json\/wp\/v2\/media\/3687"}],"wp:attachment":[{"href":"https:\/\/www.luganophotodays.ch\/en\/wp-json\/wp\/v2\/media?parent=3702"}],"wp:term":[{"taxonomy":"product_brand","embeddable":true,"href":"https:\/\/www.luganophotodays.ch\/en\/wp-json\/wp\/v2\/product_brand?post=3702"},{"taxonomy":"product_cat","embeddable":true,"href":"https:\/\/www.luganophotodays.ch\/en\/wp-json\/wp\/v2\/product_cat?post=3702"},{"taxonomy":"product_tag","embeddable":true,"href":"https:\/\/www.luganophotodays.ch\/en\/wp-json\/wp\/v2\/product_tag?post=3702"}],"curies":[{"name":"wp","href":"https:\/\/api.w.org\/{rel}","templated":true}]}}